{"id":672,"date":"2022-11-07T14:45:41","date_gmt":"2022-11-07T18:45:41","guid":{"rendered":"https:\/\/institutoinrede.com.br\/?page_id=672"},"modified":"2023-01-18T01:02:52","modified_gmt":"2023-01-18T05:02:52","slug":"conteudo","status":"publish","type":"page","link":"https:\/\/institutoinrede.com.br\/index.php\/conteudo\/","title":{"rendered":"Conteudo"},"content":{"rendered":"\t\t<div data-elementor-type=\"wp-page\" data-elementor-id=\"672\" class=\"elementor elementor-672\" data-elementor-post-type=\"page\">\n\t\t\t\t\t\t\t\t\t<section data-particle_enable=\"false\" data-particle-mobile-disabled=\"false\" class=\"elementor-section elementor-top-section elementor-element elementor-element-06ef8d4 elementor-section-boxed elementor-section-height-default elementor-section-height-default\" data-id=\"06ef8d4\" data-element_type=\"section\">\n\t\t\t\t\t\t<div class=\"elementor-container elementor-column-gap-default\">\n\t\t\t\t\t<div class=\"elementor-column elementor-col-100 elementor-top-column elementor-element elementor-element-efb0b5d\" data-id=\"efb0b5d\" data-element_type=\"column\">\n\t\t\t<div class=\"elementor-widget-wrap elementor-element-populated\">\n\t\t\t\t\t\t\t\t\t<\/div>\n\t\t<\/div>\n\t\t\t\t\t\t\t<\/div>\n\t\t<\/section>\n\t\t\t\t<section data-particle_enable=\"false\" data-particle-mobile-disabled=\"false\" class=\"elementor-section elementor-top-section elementor-element elementor-element-fa118e9 elementor-section-full_width elementor-section-height-default elementor-section-height-default\" data-id=\"fa118e9\" data-element_type=\"section\" data-settings=\"{&quot;background_background&quot;:&quot;classic&quot;}\">\n\t\t\t\t\t\t<div class=\"elementor-container elementor-column-gap-default\">\n\t\t\t\t\t<div class=\"elementor-column elementor-col-100 elementor-top-column elementor-element elementor-element-f480e36\" data-id=\"f480e36\" data-element_type=\"column\">\n\t\t\t<div class=\"elementor-widget-wrap\">\n\t\t\t\t\t\t\t\t\t<\/div>\n\t\t<\/div>\n\t\t\t\t\t\t\t<\/div>\n\t\t<\/section>\n\t\t\t\t<section data-particle_enable=\"false\" data-particle-mobile-disabled=\"false\" class=\"elementor-section elementor-top-section elementor-element elementor-element-6376b41 elementor-section-boxed elementor-section-height-default elementor-section-height-default\" data-id=\"6376b41\" data-element_type=\"section\">\n\t\t\t\t\t\t<div class=\"elementor-container elementor-column-gap-default\">\n\t\t\t\t\t<div class=\"elementor-column elementor-col-100 elementor-top-column elementor-element elementor-element-09b97be\" data-id=\"09b97be\" data-element_type=\"column\">\n\t\t\t<div class=\"elementor-widget-wrap elementor-element-populated\">\n\t\t\t\t\t\t\t\t<div class=\"elementor-element elementor-element-adca9fd elementor-widget elementor-widget-spacer\" data-id=\"adca9fd\" data-element_type=\"widget\" data-widget_type=\"spacer.default\">\n\t\t\t\t<div class=\"elementor-widget-container\">\n\t\t\t<style>\/*! elementor - v3.15.0 - 20-08-2023 *\/\n.elementor-column .elementor-spacer-inner{height:var(--spacer-size)}.e-con{--container-widget-width:100%}.e-con-inner>.elementor-widget-spacer,.e-con>.elementor-widget-spacer{width:var(--container-widget-width,var(--spacer-size));--align-self:var(--container-widget-align-self,initial);--flex-shrink:0}.e-con-inner>.elementor-widget-spacer>.elementor-widget-container,.e-con-inner>.elementor-widget-spacer>.elementor-widget-container>.elementor-spacer,.e-con>.elementor-widget-spacer>.elementor-widget-container,.e-con>.elementor-widget-spacer>.elementor-widget-container>.elementor-spacer{height:100%}.e-con-inner>.elementor-widget-spacer>.elementor-widget-container>.elementor-spacer>.elementor-spacer-inner,.e-con>.elementor-widget-spacer>.elementor-widget-container>.elementor-spacer>.elementor-spacer-inner{height:var(--container-widget-height,var(--spacer-size))}<\/style>\t\t<div class=\"elementor-spacer\">\n\t\t\t<div class=\"elementor-spacer-inner\"><\/div>\n\t\t<\/div>\n\t\t\t\t<\/div>\n\t\t\t\t<\/div>\n\t\t\t\t\t<\/div>\n\t\t<\/div>\n\t\t\t\t\t\t\t<\/div>\n\t\t<\/section>\n\t\t\t\t<section data-particle_enable=\"false\" data-particle-mobile-disabled=\"false\" class=\"elementor-section elementor-top-section elementor-element elementor-element-d0131c1 elementor-section-boxed elementor-section-height-default elementor-section-height-default\" data-id=\"d0131c1\" data-element_type=\"section\">\n\t\t\t\t\t\t<div class=\"elementor-container elementor-column-gap-default\">\n\t\t\t\t\t<div class=\"elementor-column elementor-col-100 elementor-top-column elementor-element elementor-element-1ed4b91\" data-id=\"1ed4b91\" data-element_type=\"column\">\n\t\t\t<div class=\"elementor-widget-wrap elementor-element-populated\">\n\t\t\t\t\t\t\t\t<div class=\"elementor-element elementor-element-45be011 elementor-grid-3 elementor-grid-tablet-2 elementor-grid-mobile-1 elementor-posts--thumbnail-top elementor-card-shadow-yes elementor-posts__hover-gradient load-more-align-center elementor-widget elementor-widget-posts\" data-id=\"45be011\" data-element_type=\"widget\" data-settings=\"{&quot;pagination_type&quot;:&quot;load_more_on_click&quot;,&quot;cards_columns&quot;:&quot;3&quot;,&quot;cards_columns_tablet&quot;:&quot;2&quot;,&quot;cards_columns_mobile&quot;:&quot;1&quot;,&quot;cards_row_gap&quot;:{&quot;unit&quot;:&quot;px&quot;,&quot;size&quot;:35,&quot;sizes&quot;:[]},&quot;cards_row_gap_tablet&quot;:{&quot;unit&quot;:&quot;px&quot;,&quot;size&quot;:&quot;&quot;,&quot;sizes&quot;:[]},&quot;cards_row_gap_mobile&quot;:{&quot;unit&quot;:&quot;px&quot;,&quot;size&quot;:&quot;&quot;,&quot;sizes&quot;:[]},&quot;load_more_spinner&quot;:{&quot;value&quot;:&quot;fas fa-spinner&quot;,&quot;library&quot;:&quot;fa-solid&quot;}}\" data-widget_type=\"posts.cards\">\n\t\t\t\t<div class=\"elementor-widget-container\">\n\t\t\t<link rel=\"stylesheet\" href=\"https:\/\/institutoinrede.com.br\/wp-content\/plugins\/elementor-pro\/assets\/css\/widget-posts.min.css\">\t\t<div class=\"elementor-posts-container elementor-posts elementor-posts--skin-cards elementor-grid\">\n\t\t\t\t<article class=\"elementor-post elementor-grid-item post-1506 post type-post status-publish format-standard has-post-thumbnail hentry category-uncategorized\">\n\t\t\t<div class=\"elementor-post__card\">\n\t\t\t\t<a class=\"elementor-post__thumbnail__link\" href=\"https:\/\/institutoinrede.com.br\/index.php\/2025\/01\/29\/o-desafio-de-fortalecer-os-pontos-de-cultura-em-mato-grosso\/\" ><div class=\"elementor-post__thumbnail\"><img width=\"300\" height=\"169\" src=\"https:\/\/institutoinrede.com.br\/wp-content\/uploads\/2025\/01\/O-desafio-de-fortalecer-os-Pontos-de-Cultura-em-Mato-Grosso-300x169.jpeg\" class=\"attachment-medium size-medium wp-image-1509\" alt=\"\" loading=\"lazy\" srcset=\"https:\/\/institutoinrede.com.br\/wp-content\/uploads\/2025\/01\/O-desafio-de-fortalecer-os-Pontos-de-Cultura-em-Mato-Grosso-300x169.jpeg 300w, https:\/\/institutoinrede.com.br\/wp-content\/uploads\/2025\/01\/O-desafio-de-fortalecer-os-Pontos-de-Cultura-em-Mato-Grosso-768x432.jpeg 768w, https:\/\/institutoinrede.com.br\/wp-content\/uploads\/2025\/01\/O-desafio-de-fortalecer-os-Pontos-de-Cultura-em-Mato-Grosso.jpeg 1024w\" sizes=\"(max-width: 300px) 100vw, 300px\" \/><\/div><\/a>\n\t\t\t\t<div class=\"elementor-post__text\">\n\t\t\t\t<h3 class=\"elementor-post__title\">\n\t\t\t<a href=\"https:\/\/institutoinrede.com.br\/index.php\/2025\/01\/29\/o-desafio-de-fortalecer-os-pontos-de-cultura-em-mato-grosso\/\" >\n\t\t\t\tO desafio de fortalecer os Pontos de Cultura em Mato Grosso!\t\t\t<\/a>\n\t\t<\/h3>\n\t\t\t\t<div class=\"elementor-post__excerpt\">\n\t\t\t<p>Os Pontos de Cultura s\u00e3o uma das pol\u00edticas culturais mais transformadoras do Brasil. Esses espa\u00e7os potencializam iniciativas comunit\u00e1rias que promovem a arte, a mem\u00f3ria e<\/p>\n\t\t<\/div>\n\t\t\n\t\t<a class=\"elementor-post__read-more\" href=\"https:\/\/institutoinrede.com.br\/index.php\/2025\/01\/29\/o-desafio-de-fortalecer-os-pontos-de-cultura-em-mato-grosso\/\" aria-label=\"Read more about O desafio de fortalecer os Pontos de Cultura em Mato Grosso!\" >\n\t\t\tLeia mais \u00bb\t\t<\/a>\n\n\t\t\t\t<\/div>\n\t\t\t\t<div class=\"elementor-post__meta-data\">\n\t\t\t\t\t<span class=\"elementor-post-date\">\n\t\t\t29\/01\/2025\t\t<\/span>\n\t\t\t\t<span class=\"elementor-post-avatar\">\n\t\t\tNenhum coment\u00e1rio\t\t<\/span>\n\t\t\t\t<\/div>\n\t\t\t\t\t<\/div>\n\t\t<\/article>\n\t\t\t\t<article class=\"elementor-post elementor-grid-item post-1184 post type-post status-publish format-standard has-post-thumbnail hentry category-conteudos\">\n\t\t\t<div class=\"elementor-post__card\">\n\t\t\t\t<a class=\"elementor-post__thumbnail__link\" href=\"https:\/\/institutoinrede.com.br\/index.php\/2023\/02\/23\/tu-vens-tu-vens-eu-ja-escuto-os-teus-sinais\/\" ><div class=\"elementor-post__thumbnail\"><img width=\"300\" height=\"161\" src=\"https:\/\/institutoinrede.com.br\/wp-content\/uploads\/2023\/02\/Corporate-Dev-300x161.webp\" class=\"attachment-medium size-medium wp-image-1204\" alt=\"\" loading=\"lazy\" srcset=\"https:\/\/institutoinrede.com.br\/wp-content\/uploads\/2023\/02\/Corporate-Dev-300x161.webp 300w, https:\/\/institutoinrede.com.br\/wp-content\/uploads\/2023\/02\/Corporate-Dev-1024x548.webp 1024w, https:\/\/institutoinrede.com.br\/wp-content\/uploads\/2023\/02\/Corporate-Dev-768x411.webp 768w, https:\/\/institutoinrede.com.br\/wp-content\/uploads\/2023\/02\/Corporate-Dev.webp 1080w\" sizes=\"(max-width: 300px) 100vw, 300px\" \/><\/div><\/a>\n\t\t\t\t<div class=\"elementor-post__text\">\n\t\t\t\t<h3 class=\"elementor-post__title\">\n\t\t\t<a href=\"https:\/\/institutoinrede.com.br\/index.php\/2023\/02\/23\/tu-vens-tu-vens-eu-ja-escuto-os-teus-sinais\/\" >\n\t\t\t\tTu vens, tu vens, eu j\u00e1 escuto os teus sinais!\t\t\t<\/a>\n\t\t<\/h3>\n\t\t\t\t<div class=\"elementor-post__excerpt\">\n\t\t\t<p>Na vida sempre sabemos que as coisas v\u00e3o acontecendo muito na vibe Zeca Pagodinho \u2013 Deixa a vida me levar, vida leva eu! E nessa<\/p>\n\t\t<\/div>\n\t\t\n\t\t<a class=\"elementor-post__read-more\" href=\"https:\/\/institutoinrede.com.br\/index.php\/2023\/02\/23\/tu-vens-tu-vens-eu-ja-escuto-os-teus-sinais\/\" aria-label=\"Read more about Tu vens, tu vens, eu j\u00e1 escuto os teus sinais!\" >\n\t\t\tLeia mais \u00bb\t\t<\/a>\n\n\t\t\t\t<\/div>\n\t\t\t\t<div class=\"elementor-post__meta-data\">\n\t\t\t\t\t<span class=\"elementor-post-date\">\n\t\t\t23\/02\/2023\t\t<\/span>\n\t\t\t\t<span class=\"elementor-post-avatar\">\n\t\t\tNenhum coment\u00e1rio\t\t<\/span>\n\t\t\t\t<\/div>\n\t\t\t\t\t<\/div>\n\t\t<\/article>\n\t\t\t\t<article class=\"elementor-post elementor-grid-item post-1169 post type-post status-publish format-standard has-post-thumbnail hentry category-conteudos\">\n\t\t\t<div class=\"elementor-post__card\">\n\t\t\t\t<a class=\"elementor-post__thumbnail__link\" href=\"https:\/\/institutoinrede.com.br\/index.php\/2023\/02\/23\/cuidar-do-futuro-nao-e-tao-dificil-assim\/\" ><div class=\"elementor-post__thumbnail\"><img width=\"300\" height=\"170\" src=\"https:\/\/institutoinrede.com.br\/wp-content\/uploads\/2023\/02\/ecologia_1-300x170.jpg\" class=\"attachment-medium size-medium wp-image-1172\" alt=\"\" loading=\"lazy\" srcset=\"https:\/\/institutoinrede.com.br\/wp-content\/uploads\/2023\/02\/ecologia_1-300x170.jpg 300w, https:\/\/institutoinrede.com.br\/wp-content\/uploads\/2023\/02\/ecologia_1.jpg 621w\" sizes=\"(max-width: 300px) 100vw, 300px\" \/><\/div><\/a>\n\t\t\t\t<div class=\"elementor-post__text\">\n\t\t\t\t<h3 class=\"elementor-post__title\">\n\t\t\t<a href=\"https:\/\/institutoinrede.com.br\/index.php\/2023\/02\/23\/cuidar-do-futuro-nao-e-tao-dificil-assim\/\" >\n\t\t\t\tCuidar do futuro n\u00e3o \u00e9 t\u00e3o dif\u00edcil assim&#8230;\t\t\t<\/a>\n\t\t<\/h3>\n\t\t\t\t<div class=\"elementor-post__excerpt\">\n\t\t\t<p>Falar de futuro sem falar de prop\u00f3sito \u00e9 dif\u00edcil demais. Ent\u00e3o vou come\u00e7ar j\u00e1 trazendo ele de cara: o prop\u00f3sito do Instituto Inrede \u00e9: Cuidar<\/p>\n\t\t<\/div>\n\t\t\n\t\t<a class=\"elementor-post__read-more\" href=\"https:\/\/institutoinrede.com.br\/index.php\/2023\/02\/23\/cuidar-do-futuro-nao-e-tao-dificil-assim\/\" aria-label=\"Read more about Cuidar do futuro n\u00e3o \u00e9 t\u00e3o dif\u00edcil assim&#8230;\" >\n\t\t\tLeia mais \u00bb\t\t<\/a>\n\n\t\t\t\t<\/div>\n\t\t\t\t<div class=\"elementor-post__meta-data\">\n\t\t\t\t\t<span class=\"elementor-post-date\">\n\t\t\t23\/02\/2023\t\t<\/span>\n\t\t\t\t<span class=\"elementor-post-avatar\">\n\t\t\tNenhum coment\u00e1rio\t\t<\/span>\n\t\t\t\t<\/div>\n\t\t\t\t\t<\/div>\n\t\t<\/article>\n\t\t\t\t<\/div>\n\t\t\t\t\t<span class=\"e-load-more-spinner\">\n\t\t\t\t<i aria-hidden=\"true\" class=\"fas fa-spinner\"><\/i>\t\t\t<\/span>\n\t\t\n\t\t\t\t<\/div>\n\t\t\t\t<\/div>\n\t\t\t\t\t<\/div>\n\t\t<\/div>\n\t\t\t\t\t\t\t<\/div>\n\t\t<\/section>\n\t\t\t\t<section data-particle_enable=\"false\" data-particle-mobile-disabled=\"false\" class=\"elementor-section elementor-top-section elementor-element elementor-element-2a02c5d elementor-section-boxed elementor-section-height-default elementor-section-height-default\" data-id=\"2a02c5d\" data-element_type=\"section\">\n\t\t\t\t\t\t<div class=\"elementor-container elementor-column-gap-default\">\n\t\t\t\t\t<div class=\"elementor-column elementor-col-100 elementor-top-column elementor-element elementor-element-c899179\" data-id=\"c899179\" data-element_type=\"column\">\n\t\t\t<div class=\"elementor-widget-wrap elementor-element-populated\">\n\t\t\t\t\t\t\t\t<div class=\"elementor-element elementor-element-2d6e020 elementor-widget elementor-widget-spacer\" data-id=\"2d6e020\" data-element_type=\"widget\" data-widget_type=\"spacer.default\">\n\t\t\t\t<div class=\"elementor-widget-container\">\n\t\t\t\t\t<div class=\"elementor-spacer\">\n\t\t\t<div class=\"elementor-spacer-inner\"><\/div>\n\t\t<\/div>\n\t\t\t\t<\/div>\n\t\t\t\t<\/div>\n\t\t\t\t\t<\/div>\n\t\t<\/div>\n\t\t\t\t\t\t\t<\/div>\n\t\t<\/section>\n\t\t\t\t\t\t\t<\/div>\n\t\t","protected":false},"excerpt":{"rendered":"","protected":false},"author":3,"featured_media":220,"parent":0,"menu_order":0,"comment_status":"closed","ping_status":"closed","template":"","meta":{"om_disable_all_campaigns":false,"_monsterinsights_skip_tracking":false,"_monsterinsights_sitenote_active":false,"_monsterinsights_sitenote_note":"","_monsterinsights_sitenote_category":0,"site-sidebar-layout":"no-sidebar","site-content-layout":"page-builder","ast-global-header-display":"","ast-main-header-display":"","ast-hfb-above-header-display":"","ast-hfb-below-header-display":"","ast-hfb-mobile-header-display":"","site-post-title":"disabled","ast-breadcrumbs-content":"","ast-featured-img":"disabled","footer-sml-layout":"","theme-transparent-header-meta":"","adv-header-id-meta":"","stick-header-meta":"","header-above-stick-meta":"","header-main-stick-meta":"","header-below-stick-meta":""},"aioseo_notices":[],"_links":{"self":[{"href":"https:\/\/institutoinrede.com.br\/index.php\/wp-json\/wp\/v2\/pages\/672"}],"collection":[{"href":"https:\/\/institutoinrede.com.br\/index.php\/wp-json\/wp\/v2\/pages"}],"about":[{"href":"https:\/\/institutoinrede.com.br\/index.php\/wp-json\/wp\/v2\/types\/page"}],"author":[{"embeddable":true,"href":"https:\/\/institutoinrede.com.br\/index.php\/wp-json\/wp\/v2\/users\/3"}],"replies":[{"embeddable":true,"href":"https:\/\/institutoinrede.com.br\/index.php\/wp-json\/wp\/v2\/comments?post=672"}],"version-history":[{"count":28,"href":"https:\/\/institutoinrede.com.br\/index.php\/wp-json\/wp\/v2\/pages\/672\/revisions"}],"predecessor-version":[{"id":922,"href":"https:\/\/institutoinrede.com.br\/index.php\/wp-json\/wp\/v2\/pages\/672\/revisions\/922"}],"wp:featuredmedia":[{"embeddable":true,"href":"https:\/\/institutoinrede.com.br\/index.php\/wp-json\/wp\/v2\/media\/220"}],"wp:attachment":[{"href":"https:\/\/institutoinrede.com.br\/index.php\/wp-json\/wp\/v2\/media?parent=672"}],"curies":[{"name":"wp","href":"https:\/\/api.w.org\/{rel}","templated":true}]}}