{"id":654,"date":"2022-11-07T14:32:38","date_gmt":"2022-11-07T18:32:38","guid":{"rendered":"https:\/\/institutoinrede.com.br\/?page_id=654"},"modified":"2025-04-09T14:14:27","modified_gmt":"2025-04-09T18:14:27","slug":"editais","status":"publish","type":"page","link":"https:\/\/institutoinrede.com.br\/index.php\/editais\/","title":{"rendered":"Editais"},"content":{"rendered":"\t\t<div data-elementor-type=\"wp-page\" data-elementor-id=\"654\" class=\"elementor elementor-654\" data-elementor-post-type=\"page\">\n\t\t\t\t\t\t\t\t\t<section data-particle_enable=\"false\" data-particle-mobile-disabled=\"false\" class=\"elementor-section elementor-top-section elementor-element elementor-element-fa118e9 elementor-section-full_width elementor-section-height-default elementor-section-height-default\" data-id=\"fa118e9\" data-element_type=\"section\" data-settings=\"{&quot;background_background&quot;:&quot;classic&quot;}\">\n\t\t\t\t\t\t<div class=\"elementor-container elementor-column-gap-default\">\n\t\t\t\t\t<div class=\"elementor-column elementor-col-100 elementor-top-column elementor-element elementor-element-f480e36\" data-id=\"f480e36\" data-element_type=\"column\">\n\t\t\t<div class=\"elementor-widget-wrap\">\n\t\t\t\t\t\t\t\t\t<\/div>\n\t\t<\/div>\n\t\t\t\t\t\t\t<\/div>\n\t\t<\/section>\n\t\t\t\t<section data-particle_enable=\"false\" data-particle-mobile-disabled=\"false\" class=\"elementor-section elementor-top-section elementor-element elementor-element-6376b41 elementor-section-boxed elementor-section-height-default elementor-section-height-default\" data-id=\"6376b41\" data-element_type=\"section\">\n\t\t\t\t\t\t<div class=\"elementor-container elementor-column-gap-default\">\n\t\t\t\t\t<div class=\"elementor-column elementor-col-100 elementor-top-column elementor-element elementor-element-09b97be\" data-id=\"09b97be\" data-element_type=\"column\">\n\t\t\t<div class=\"elementor-widget-wrap elementor-element-populated\">\n\t\t\t\t\t\t\t\t<div class=\"elementor-element elementor-element-adca9fd elementor-widget elementor-widget-spacer\" data-id=\"adca9fd\" data-element_type=\"widget\" data-widget_type=\"spacer.default\">\n\t\t\t\t<div class=\"elementor-widget-container\">\n\t\t\t<style>\/*! elementor - v3.15.0 - 20-08-2023 *\/\n.elementor-column .elementor-spacer-inner{height:var(--spacer-size)}.e-con{--container-widget-width:100%}.e-con-inner>.elementor-widget-spacer,.e-con>.elementor-widget-spacer{width:var(--container-widget-width,var(--spacer-size));--align-self:var(--container-widget-align-self,initial);--flex-shrink:0}.e-con-inner>.elementor-widget-spacer>.elementor-widget-container,.e-con-inner>.elementor-widget-spacer>.elementor-widget-container>.elementor-spacer,.e-con>.elementor-widget-spacer>.elementor-widget-container,.e-con>.elementor-widget-spacer>.elementor-widget-container>.elementor-spacer{height:100%}.e-con-inner>.elementor-widget-spacer>.elementor-widget-container>.elementor-spacer>.elementor-spacer-inner,.e-con>.elementor-widget-spacer>.elementor-widget-container>.elementor-spacer>.elementor-spacer-inner{height:var(--container-widget-height,var(--spacer-size))}<\/style>\t\t<div class=\"elementor-spacer\">\n\t\t\t<div class=\"elementor-spacer-inner\"><\/div>\n\t\t<\/div>\n\t\t\t\t<\/div>\n\t\t\t\t<\/div>\n\t\t\t\t\t<\/div>\n\t\t<\/div>\n\t\t\t\t\t\t\t<\/div>\n\t\t<\/section>\n\t\t\t\t<section data-particle_enable=\"false\" data-particle-mobile-disabled=\"false\" class=\"elementor-section elementor-top-section elementor-element elementor-element-8e9b308 elementor-section-boxed elementor-section-height-default elementor-section-height-default\" data-id=\"8e9b308\" data-element_type=\"section\">\n\t\t\t\t\t\t<div class=\"elementor-container elementor-column-gap-default\">\n\t\t\t\t\t<div class=\"elementor-column elementor-col-100 elementor-top-column elementor-element elementor-element-7fc5a61\" data-id=\"7fc5a61\" data-element_type=\"column\">\n\t\t\t<div class=\"elementor-widget-wrap\">\n\t\t\t\t\t\t\t\t\t<\/div>\n\t\t<\/div>\n\t\t\t\t\t\t\t<\/div>\n\t\t<\/section>\n\t\t\t\t<section data-particle_enable=\"false\" data-particle-mobile-disabled=\"false\" class=\"elementor-section elementor-top-section elementor-element elementor-element-2112488 elementor-section-boxed elementor-section-height-default elementor-section-height-default\" data-id=\"2112488\" data-element_type=\"section\">\n\t\t\t\t\t\t<div class=\"elementor-container elementor-column-gap-default\">\n\t\t\t\t\t<div class=\"elementor-column elementor-col-100 elementor-top-column elementor-element elementor-element-0c7191d\" data-id=\"0c7191d\" data-element_type=\"column\">\n\t\t\t<div class=\"elementor-widget-wrap elementor-element-populated\">\n\t\t\t\t\t\t\t\t<div class=\"elementor-element elementor-element-e90c64b elementor-widget elementor-widget-spacer\" data-id=\"e90c64b\" data-element_type=\"widget\" data-widget_type=\"spacer.default\">\n\t\t\t\t<div class=\"elementor-widget-container\">\n\t\t\t\t\t<div class=\"elementor-spacer\">\n\t\t\t<div class=\"elementor-spacer-inner\"><\/div>\n\t\t<\/div>\n\t\t\t\t<\/div>\n\t\t\t\t<\/div>\n\t\t\t\t<div class=\"elementor-element elementor-element-48595c0 elementor-widget elementor-widget-image\" data-id=\"48595c0\" data-element_type=\"widget\" data-widget_type=\"image.default\">\n\t\t\t\t<div class=\"elementor-widget-container\">\n\t\t\t<style>\/*! elementor - v3.15.0 - 20-08-2023 *\/\n.elementor-widget-image{text-align:center}.elementor-widget-image a{display:inline-block}.elementor-widget-image a img[src$=\".svg\"]{width:48px}.elementor-widget-image img{vertical-align:middle;display:inline-block}<\/style>\t\t\t\t\t\t\t\t\t\t\t\t<img width=\"3335\" height=\"297\" src=\"https:\/\/institutoinrede.com.br\/wp-content\/uploads\/2023\/01\/editais.png\" class=\"attachment-full size-full wp-image-955\" alt=\"\" loading=\"lazy\" srcset=\"https:\/\/institutoinrede.com.br\/wp-content\/uploads\/2023\/01\/editais.png 3335w, https:\/\/institutoinrede.com.br\/wp-content\/uploads\/2023\/01\/editais-300x27.png 300w, https:\/\/institutoinrede.com.br\/wp-content\/uploads\/2023\/01\/editais-1024x91.png 1024w, https:\/\/institutoinrede.com.br\/wp-content\/uploads\/2023\/01\/editais-768x68.png 768w, https:\/\/institutoinrede.com.br\/wp-content\/uploads\/2023\/01\/editais-1536x137.png 1536w, https:\/\/institutoinrede.com.br\/wp-content\/uploads\/2023\/01\/editais-2048x182.png 2048w\" sizes=\"(max-width: 3335px) 100vw, 3335px\" \/>\t\t\t\t\t\t\t\t\t\t\t\t\t\t\t<\/div>\n\t\t\t\t<\/div>\n\t\t\t\t\t<\/div>\n\t\t<\/div>\n\t\t\t\t\t\t\t<\/div>\n\t\t<\/section>\n\t\t\t\t<section data-particle_enable=\"false\" data-particle-mobile-disabled=\"false\" class=\"elementor-section elementor-top-section elementor-element elementor-element-3d12314 elementor-section-boxed elementor-section-height-default elementor-section-height-default\" data-id=\"3d12314\" data-element_type=\"section\">\n\t\t\t\t\t\t<div class=\"elementor-container elementor-column-gap-default\">\n\t\t\t\t\t<div class=\"elementor-column elementor-col-100 elementor-top-column elementor-element elementor-element-c1f525c\" data-id=\"c1f525c\" data-element_type=\"column\">\n\t\t\t<div class=\"elementor-widget-wrap elementor-element-populated\">\n\t\t\t\t\t\t\t\t<div class=\"elementor-element elementor-element-9c7f365 elementor-widget elementor-widget-eael-feature-list\" data-id=\"9c7f365\" data-element_type=\"widget\" data-widget_type=\"eael-feature-list.default\">\n\t\t\t\t<div class=\"elementor-widget-container\">\n\t\t\t\t\t<div class=\"-icon-position-left -tablet-icon-position-left -mobile-icon-position-left\">\n\t\t\t<ul id=\"eael-feature-list-9c7f365\" class=\"eael-feature-list-items square stacked \">\n\t\t\t                <li class=\"eael-feature-list-item elementor-repeater-item-35ecc6f\">\n                    \n\t\t\t\t\t\t<div class=\"eael-feature-list-icon-box\">\n\t\t\t\t\t\t\t<div class=\"eael-feature-list-icon-inner\">\n\n\t\t\t\t\t\t\t\t<a class=\"eael-feature-list-icon fl-icon-0\"href=\"https:\/\/institutoinrede.com.br\/wp-content\/uploads\/2025\/04\/EDITAL_PORDOSOL_03042025_ASSINADO.pdf\" target=\"_blank\">\n\n\t\t<i aria-hidden=\"true\" class=\"far fa-newspaper\"><\/i>\t\t\t\t\t\t\t\t<\/a>\n\t\t\t\t\t\t\t<\/div>\n\t\t\t\t\t\t<\/div>\n\t\t\t\t\t\t<div class=\"eael-feature-list-content-box\">\n\t\t\t\t\t\t\t<h3 class=\"eael-feature-list-title\"\t\t\t\t\t\t\t><a href=\"https:\/\/institutoinrede.com.br\/wp-content\/uploads\/2025\/04\/EDITAL_PORDOSOL_03042025_ASSINADO.pdf\" target=\"_blank\">Projeto P\u00f4r do Sol Para Todos<\/a><\/h3\t\t\t\t\t\t>\n\t\t\t\t\t\t<p class=\"eael-feature-list-content\">Edital p\u00fablico Projeto P\u00f4r do Sol Para Todos<\/p>\n\t\t\t\t\t\t<\/div>\n\n\t\t\t\t\t<\/li>\n\t\t\t\t                <li class=\"eael-feature-list-item elementor-repeater-item-e64bf24\">\n                    \n\t\t\t\t\t\t<div class=\"eael-feature-list-icon-box\">\n\t\t\t\t\t\t\t<div class=\"eael-feature-list-icon-inner\">\n\n\t\t\t\t\t\t\t\t<a class=\"eael-feature-list-icon fl-icon-1\"href=\"https:\/\/institutoinrede.com.br\/wp-content\/uploads\/2025\/04\/EDITAL_PORDOSOL_03042025_ASSINADO.pdf\" target=\"_blank\">\n\n\t\t<i aria-hidden=\"true\" class=\"far fa-newspaper\"><\/i>\t\t\t\t\t\t\t\t<\/a>\n\t\t\t\t\t\t\t<\/div>\n\t\t\t\t\t\t<\/div>\n\t\t\t\t\t\t<div class=\"eael-feature-list-content-box\">\n\t\t\t\t\t\t\t<h3 class=\"eael-feature-list-title\"\t\t\t\t\t\t\t><a href=\"https:\/\/institutoinrede.com.br\/wp-content\/uploads\/2025\/04\/EDITAL_PORDOSOL_03042025_ASSINADO.pdf\" target=\"_blank\">Projeto LabCon<\/a><\/h3\t\t\t\t\t\t>\n\t\t\t\t\t\t<p class=\"eael-feature-list-content\">Edital p\u00fablico LabCon<\/p>\n\t\t\t\t\t\t<\/div>\n\n\t\t\t\t\t<\/li>\n\t\t\t\t                <li class=\"eael-feature-list-item elementor-repeater-item-5c7a201\">\n                    \n\t\t\t\t\t\t<div class=\"eael-feature-list-icon-box\">\n\t\t\t\t\t\t\t<div class=\"eael-feature-list-icon-inner\">\n\n\t\t\t\t\t\t\t\t<a class=\"eael-feature-list-icon fl-icon-2\"href=\"https:\/\/linktr.ee\/coloiadoproducaocultural\" target=\"_blank\">\n\n\t\t<i aria-hidden=\"true\" class=\"far fa-newspaper\"><\/i>\t\t\t\t\t\t\t\t<\/a>\n\t\t\t\t\t\t\t<\/div>\n\t\t\t\t\t\t<\/div>\n\t\t\t\t\t\t<div class=\"eael-feature-list-content-box\">\n\t\t\t\t\t\t\t<h3 class=\"eael-feature-list-title\"\t\t\t\t\t\t\t><a href=\"https:\/\/linktr.ee\/coloiadoproducaocultural\" target=\"_blank\">Projeto Coloiado N\u00facleo Jovem de Produ\u00e7\u00e3o Cultural<\/a><\/h3\t\t\t\t\t\t>\n\t\t\t\t\t\t<p class=\"eael-feature-list-content\">Edital p\u00fablico Projeto Coloiado N\u00facleo Jovem de Produ\u00e7\u00e3o Cultural<\/p>\n\t\t\t\t\t\t<\/div>\n\n\t\t\t\t\t<\/li>\n\t\t\t\t\t\t\t<\/ul>\n\t\t<\/div>\n\t\t\t\t<\/div>\n\t\t\t\t<\/div>\n\t\t\t\t\t<\/div>\n\t\t<\/div>\n\t\t\t\t\t\t\t<\/div>\n\t\t<\/section>\n\t\t\t\t\t\t\t<\/div>\n\t\t","protected":false},"excerpt":{"rendered":"<p>Projeto P\u00f4r do Sol Para Todos Edital p\u00fablico Projeto P\u00f4r do Sol Para Todos Projeto LabCon Edital p\u00fablico LabCon Projeto Coloiado N\u00facleo Jovem de Produ\u00e7\u00e3o Cultural Edital p\u00fablico Projeto Coloiado N\u00facleo Jovem de Produ\u00e7\u00e3o Cultural<\/p>\n","protected":false},"author":3,"featured_media":220,"parent":0,"menu_order":0,"comment_status":"closed","ping_status":"closed","template":"","meta":{"om_disable_all_campaigns":false,"_monsterinsights_skip_tracking":false,"_monsterinsights_sitenote_active":false,"_monsterinsights_sitenote_note":"","_monsterinsights_sitenote_category":0,"site-sidebar-layout":"no-sidebar","site-content-layout":"page-builder","ast-global-header-display":"","ast-main-header-display":"","ast-hfb-above-header-display":"","ast-hfb-below-header-display":"","ast-hfb-mobile-header-display":"","site-post-title":"disabled","ast-breadcrumbs-content":"","ast-featured-img":"disabled","footer-sml-layout":"","theme-transparent-header-meta":"","adv-header-id-meta":"","stick-header-meta":"","header-above-stick-meta":"","header-main-stick-meta":"","header-below-stick-meta":""},"aioseo_notices":[],"_links":{"self":[{"href":"https:\/\/institutoinrede.com.br\/index.php\/wp-json\/wp\/v2\/pages\/654"}],"collection":[{"href":"https:\/\/institutoinrede.com.br\/index.php\/wp-json\/wp\/v2\/pages"}],"about":[{"href":"https:\/\/institutoinrede.com.br\/index.php\/wp-json\/wp\/v2\/types\/page"}],"author":[{"embeddable":true,"href":"https:\/\/institutoinrede.com.br\/index.php\/wp-json\/wp\/v2\/users\/3"}],"replies":[{"embeddable":true,"href":"https:\/\/institutoinrede.com.br\/index.php\/wp-json\/wp\/v2\/comments?post=654"}],"version-history":[{"count":58,"href":"https:\/\/institutoinrede.com.br\/index.php\/wp-json\/wp\/v2\/pages\/654\/revisions"}],"predecessor-version":[{"id":1607,"href":"https:\/\/institutoinrede.com.br\/index.php\/wp-json\/wp\/v2\/pages\/654\/revisions\/1607"}],"wp:featuredmedia":[{"embeddable":true,"href":"https:\/\/institutoinrede.com.br\/index.php\/wp-json\/wp\/v2\/media\/220"}],"wp:attachment":[{"href":"https:\/\/institutoinrede.com.br\/index.php\/wp-json\/wp\/v2\/media?parent=654"}],"curies":[{"name":"wp","href":"https:\/\/api.w.org\/{rel}","templated":true}]}}