{"id":1177,"date":"2023-02-23T15:05:12","date_gmt":"2023-02-23T19:05:12","guid":{"rendered":"https:\/\/institutoinrede.com.br\/?page_id=1177"},"modified":"2025-01-29T12:16:58","modified_gmt":"2025-01-29T16:16:58","slug":"extratos","status":"publish","type":"page","link":"https:\/\/institutoinrede.com.br\/index.php\/extratos\/","title":{"rendered":"Extratos"},"content":{"rendered":"\t\t<div data-elementor-type=\"wp-page\" data-elementor-id=\"1177\" class=\"elementor elementor-1177\" data-elementor-post-type=\"page\">\n\t\t\t\t\t\t\t\t\t<section data-particle_enable=\"false\" data-particle-mobile-disabled=\"false\" class=\"elementor-section elementor-top-section elementor-element elementor-element-cc0ee37 elementor-section-boxed elementor-section-height-default elementor-section-height-default\" data-id=\"cc0ee37\" data-element_type=\"section\">\n\t\t\t\t\t\t<div class=\"elementor-container elementor-column-gap-default\">\n\t\t\t\t\t<div class=\"elementor-column elementor-col-100 elementor-top-column elementor-element elementor-element-e354c87\" data-id=\"e354c87\" data-element_type=\"column\">\n\t\t\t<div class=\"elementor-widget-wrap elementor-element-populated\">\n\t\t\t\t\t\t\t\t<div class=\"elementor-element elementor-element-b8aa33f elementor-widget elementor-widget-image\" data-id=\"b8aa33f\" data-element_type=\"widget\" data-widget_type=\"image.default\">\n\t\t\t\t<div class=\"elementor-widget-container\">\n\t\t\t<style>\/*! elementor - v3.15.0 - 20-08-2023 *\/\n.elementor-widget-image{text-align:center}.elementor-widget-image a{display:inline-block}.elementor-widget-image a img[src$=\".svg\"]{width:48px}.elementor-widget-image img{vertical-align:middle;display:inline-block}<\/style>\t\t\t\t\t\t\t\t\t\t\t\t<img width=\"3335\" height=\"355\" src=\"https:\/\/institutoinrede.com.br\/wp-content\/uploads\/2023\/02\/extratoconvenio.png\" class=\"attachment-full size-full wp-image-1179\" alt=\"\" loading=\"lazy\" srcset=\"https:\/\/institutoinrede.com.br\/wp-content\/uploads\/2023\/02\/extratoconvenio.png 3335w, https:\/\/institutoinrede.com.br\/wp-content\/uploads\/2023\/02\/extratoconvenio-300x32.png 300w, https:\/\/institutoinrede.com.br\/wp-content\/uploads\/2023\/02\/extratoconvenio-1024x109.png 1024w, https:\/\/institutoinrede.com.br\/wp-content\/uploads\/2023\/02\/extratoconvenio-768x82.png 768w, https:\/\/institutoinrede.com.br\/wp-content\/uploads\/2023\/02\/extratoconvenio-1536x164.png 1536w, https:\/\/institutoinrede.com.br\/wp-content\/uploads\/2023\/02\/extratoconvenio-2048x218.png 2048w\" sizes=\"(max-width: 3335px) 100vw, 3335px\" \/>\t\t\t\t\t\t\t\t\t\t\t\t\t\t\t<\/div>\n\t\t\t\t<\/div>\n\t\t\t\t\t<\/div>\n\t\t<\/div>\n\t\t\t\t\t\t\t<\/div>\n\t\t<\/section>\n\t\t\t\t<section data-particle_enable=\"false\" data-particle-mobile-disabled=\"false\" class=\"elementor-section elementor-top-section elementor-element elementor-element-1333100 elementor-section-boxed elementor-section-height-default elementor-section-height-default\" data-id=\"1333100\" data-element_type=\"section\">\n\t\t\t\t\t\t<div class=\"elementor-container elementor-column-gap-default\">\n\t\t\t\t\t<div class=\"elementor-column elementor-col-100 elementor-top-column elementor-element elementor-element-4de180b\" data-id=\"4de180b\" data-element_type=\"column\">\n\t\t\t<div class=\"elementor-widget-wrap elementor-element-populated\">\n\t\t\t\t\t\t\t\t<div class=\"elementor-element elementor-element-1a1315c elementor-widget elementor-widget-spacer\" data-id=\"1a1315c\" data-element_type=\"widget\" data-widget_type=\"spacer.default\">\n\t\t\t\t<div class=\"elementor-widget-container\">\n\t\t\t<style>\/*! elementor - v3.15.0 - 20-08-2023 *\/\n.elementor-column .elementor-spacer-inner{height:var(--spacer-size)}.e-con{--container-widget-width:100%}.e-con-inner>.elementor-widget-spacer,.e-con>.elementor-widget-spacer{width:var(--container-widget-width,var(--spacer-size));--align-self:var(--container-widget-align-self,initial);--flex-shrink:0}.e-con-inner>.elementor-widget-spacer>.elementor-widget-container,.e-con-inner>.elementor-widget-spacer>.elementor-widget-container>.elementor-spacer,.e-con>.elementor-widget-spacer>.elementor-widget-container,.e-con>.elementor-widget-spacer>.elementor-widget-container>.elementor-spacer{height:100%}.e-con-inner>.elementor-widget-spacer>.elementor-widget-container>.elementor-spacer>.elementor-spacer-inner,.e-con>.elementor-widget-spacer>.elementor-widget-container>.elementor-spacer>.elementor-spacer-inner{height:var(--container-widget-height,var(--spacer-size))}<\/style>\t\t<div class=\"elementor-spacer\">\n\t\t\t<div class=\"elementor-spacer-inner\"><\/div>\n\t\t<\/div>\n\t\t\t\t<\/div>\n\t\t\t\t<\/div>\n\t\t\t\t\t<\/div>\n\t\t<\/div>\n\t\t\t\t\t\t\t<\/div>\n\t\t<\/section>\n\t\t\t\t<section data-particle_enable=\"false\" data-particle-mobile-disabled=\"false\" class=\"elementor-section elementor-top-section elementor-element elementor-element-6376b41 elementor-section-boxed elementor-section-height-default elementor-section-height-default\" data-id=\"6376b41\" data-element_type=\"section\">\n\t\t\t\t\t\t<div class=\"elementor-container elementor-column-gap-default\">\n\t\t\t\t\t<div class=\"elementor-column elementor-col-100 elementor-top-column elementor-element elementor-element-09b97be\" data-id=\"09b97be\" data-element_type=\"column\">\n\t\t\t<div class=\"elementor-widget-wrap\">\n\t\t\t\t\t\t\t\t\t<\/div>\n\t\t<\/div>\n\t\t\t\t\t\t\t<\/div>\n\t\t<\/section>\n\t\t\t\t<section data-particle_enable=\"false\" data-particle-mobile-disabled=\"false\" class=\"elementor-section elementor-top-section elementor-element elementor-element-ad0677a elementor-section-boxed elementor-section-height-default elementor-section-height-default\" data-id=\"ad0677a\" data-element_type=\"section\">\n\t\t\t\t\t\t<div class=\"elementor-container elementor-column-gap-default\">\n\t\t\t\t\t<div class=\"elementor-column elementor-col-100 elementor-top-column elementor-element elementor-element-7eed106\" data-id=\"7eed106\" data-element_type=\"column\">\n\t\t\t<div class=\"elementor-widget-wrap elementor-element-populated\">\n\t\t\t\t\t\t\t\t<div class=\"elementor-element elementor-element-44b7062 elementor-widget elementor-widget-heading\" data-id=\"44b7062\" data-element_type=\"widget\" data-widget_type=\"heading.default\">\n\t\t\t\t<div class=\"elementor-widget-container\">\n\t\t\t<style>\/*! elementor - v3.15.0 - 20-08-2023 *\/\n.elementor-heading-title{padding:0;margin:0;line-height:1}.elementor-widget-heading .elementor-heading-title[class*=elementor-size-]>a{color:inherit;font-size:inherit;line-height:inherit}.elementor-widget-heading .elementor-heading-title.elementor-size-small{font-size:15px}.elementor-widget-heading .elementor-heading-title.elementor-size-medium{font-size:19px}.elementor-widget-heading .elementor-heading-title.elementor-size-large{font-size:29px}.elementor-widget-heading .elementor-heading-title.elementor-size-xl{font-size:39px}.elementor-widget-heading .elementor-heading-title.elementor-size-xxl{font-size:59px}<\/style><h2 class=\"elementor-heading-title elementor-size-default\">EXECU\u00c7\u00c3O 2025<\/h2>\t\t<\/div>\n\t\t\t\t<\/div>\n\t\t\t\t<div class=\"elementor-element elementor-element-a16560e elementor-widget elementor-widget-eael-feature-list\" data-id=\"a16560e\" data-element_type=\"widget\" data-widget_type=\"eael-feature-list.default\">\n\t\t\t\t<div class=\"elementor-widget-container\">\n\t\t\t\t\t<div class=\"-icon-position-left -tablet-icon-position-left -mobile-icon-position-left\">\n\t\t\t<ul id=\"eael-feature-list-a16560e\" class=\"eael-feature-list-items square stacked connector-type-modern\">\n\t\t\t                <li class=\"eael-feature-list-item elementor-repeater-item-0634ac3\">\n                                            <span class=\"connector\" style=\"right: calc(100% - 51px); left: 0;\"><\/span>\n                        <span class=\"connector connector-tablet\" style=\"right: calc(100% - 51px); left: 0;\"><\/span>\n                        <span class=\"connector connector-mobile\" style=\"right: calc(100% - 51px); left: 0;\"><\/span>\n                    \n\t\t\t\t\t\t<div class=\"eael-feature-list-icon-box\">\n\t\t\t\t\t\t\t<div class=\"eael-feature-list-icon-inner\">\n\n\t\t\t\t\t\t\t\t<a class=\"eael-feature-list-icon fl-icon-0\"href=\"https:\/\/institutoinrede.com.br\/wp-content\/uploads\/2025\/01\/EXTRATO_TERMO_FOMENTO_PORDOSOLPARATODAS_2024.pdf\" target=\"_blank\">\n\n\t\t<i aria-hidden=\"true\" class=\"fas fa-file-alt\"><\/i>\t\t\t\t\t\t\t\t<\/a>\n\t\t\t\t\t\t\t<\/div>\n\t\t\t\t\t\t<\/div>\n\t\t\t\t\t\t<div class=\"eael-feature-list-content-box\">\n\t\t\t\t\t\t\t<h5 class=\"eael-feature-list-title\"\t\t\t\t\t\t\t><a href=\"https:\/\/institutoinrede.com.br\/wp-content\/uploads\/2025\/01\/EXTRATO_TERMO_FOMENTO_PORDOSOLPARATODAS_2024.pdf\" target=\"_blank\">Projeto Por do Sol para todas 2024<\/a><\/h5\t\t\t\t\t\t>\n\t\t\t\t\t\t<p class=\"eael-feature-list-content\">Extrato do Termo de Fomento do Projeto Por do Sol para todas 2024<\/p>\n\t\t\t\t\t\t<\/div>\n\n\t\t\t\t\t<\/li>\n\t\t\t\t                <li class=\"eael-feature-list-item elementor-repeater-item-10f45f2\">\n                                            <span class=\"connector\" style=\"right: calc(100% - 51px); left: 0;\"><\/span>\n                        <span class=\"connector connector-tablet\" style=\"right: calc(100% - 51px); left: 0;\"><\/span>\n                        <span class=\"connector connector-mobile\" style=\"right: calc(100% - 51px); left: 0;\"><\/span>\n                    \n\t\t\t\t\t\t<div class=\"eael-feature-list-icon-box\">\n\t\t\t\t\t\t\t<div class=\"eael-feature-list-icon-inner\">\n\n\t\t\t\t\t\t\t\t<a class=\"eael-feature-list-icon fl-icon-1\"href=\"https:\/\/institutoinrede.com.br\/wp-content\/uploads\/2025\/01\/EXTRATO_TERMO_FOMENTO_DESCENTRALIZACULTURA2024.pdf\" target=\"_blank\">\n\n\t\t<i aria-hidden=\"true\" class=\"fas fa-file-alt\"><\/i>\t\t\t\t\t\t\t\t<\/a>\n\t\t\t\t\t\t\t<\/div>\n\t\t\t\t\t\t<\/div>\n\t\t\t\t\t\t<div class=\"eael-feature-list-content-box\">\n\t\t\t\t\t\t\t<h5 class=\"eael-feature-list-title\"\t\t\t\t\t\t\t><a href=\"https:\/\/institutoinrede.com.br\/wp-content\/uploads\/2025\/01\/EXTRATO_TERMO_FOMENTO_DESCENTRALIZACULTURA2024.pdf\" target=\"_blank\"> Projeto Descentraliza Cultura 2025<\/a><\/h5\t\t\t\t\t\t>\n\t\t\t\t\t\t<p class=\"eael-feature-list-content\">Extrato do Termo de Fomento do Projeto Descentraliza Cultura 2025<\/p>\n\t\t\t\t\t\t<\/div>\n\n\t\t\t\t\t<\/li>\n\t\t\t\t\t\t\t<\/ul>\n\t\t<\/div>\n\t\t\t\t<\/div>\n\t\t\t\t<\/div>\n\t\t\t\t<div class=\"elementor-element elementor-element-18005d0 elementor-widget elementor-widget-heading\" data-id=\"18005d0\" data-element_type=\"widget\" data-widget_type=\"heading.default\">\n\t\t\t\t<div class=\"elementor-widget-container\">\n\t\t\t<h2 class=\"elementor-heading-title elementor-size-default\">EXECU\u00c7\u00c3O 2024<\/h2>\t\t<\/div>\n\t\t\t\t<\/div>\n\t\t\t\t<div class=\"elementor-element elementor-element-f660209 elementor-widget elementor-widget-eael-feature-list\" data-id=\"f660209\" data-element_type=\"widget\" data-widget_type=\"eael-feature-list.default\">\n\t\t\t\t<div class=\"elementor-widget-container\">\n\t\t\t\t\t<div class=\"-icon-position-left -tablet-icon-position-left -mobile-icon-position-left\">\n\t\t\t<ul id=\"eael-feature-list-f660209\" class=\"eael-feature-list-items square stacked connector-type-modern\">\n\t\t\t                <li class=\"eael-feature-list-item elementor-repeater-item-a92d550\">\n                                            <span class=\"connector\" style=\"right: calc(100% - 51px); left: 0;\"><\/span>\n                        <span class=\"connector connector-tablet\" style=\"right: calc(100% - 51px); left: 0;\"><\/span>\n                        <span class=\"connector connector-mobile\" style=\"right: calc(100% - 51px); left: 0;\"><\/span>\n                    \n\t\t\t\t\t\t<div class=\"eael-feature-list-icon-box\">\n\t\t\t\t\t\t\t<div class=\"eael-feature-list-icon-inner\">\n\n\t\t\t\t\t\t\t\t<a class=\"eael-feature-list-icon fl-icon-0\"href=\"https:\/\/institutoinrede.com.br\/wp-content\/uploads\/2024\/08\/EXTRATO_TERMO_FOMENTO_COLOIADO.pdf\" target=\"_blank\">\n\n\t\t<i aria-hidden=\"true\" class=\"fas fa-file-alt\"><\/i>\t\t\t\t\t\t\t\t<\/a>\n\t\t\t\t\t\t\t<\/div>\n\t\t\t\t\t\t<\/div>\n\t\t\t\t\t\t<div class=\"eael-feature-list-content-box\">\n\t\t\t\t\t\t\t<h5 class=\"eael-feature-list-title\"\t\t\t\t\t\t\t><a href=\"https:\/\/institutoinrede.com.br\/wp-content\/uploads\/2024\/08\/EXTRATO_TERMO_FOMENTO_COLOIADO.pdf\" target=\"_blank\">Projeto Coloiado \u2013 Nucleo Jovem de Produ\u00e7\u00e3o Cultural 2024<\/a><\/h5\t\t\t\t\t\t>\n\t\t\t\t\t\t<p class=\"eael-feature-list-content\">Extrato do Termo de Fomento do Projeto Coloiado \u2013 Nucleo Jovem de Produ\u00e7\u00e3o Cultural 2024<\/p>\n\t\t\t\t\t\t<\/div>\n\n\t\t\t\t\t<\/li>\n\t\t\t\t                <li class=\"eael-feature-list-item elementor-repeater-item-97a0390\">\n                                            <span class=\"connector\" style=\"right: calc(100% - 51px); left: 0;\"><\/span>\n                        <span class=\"connector connector-tablet\" style=\"right: calc(100% - 51px); left: 0;\"><\/span>\n                        <span class=\"connector connector-mobile\" style=\"right: calc(100% - 51px); left: 0;\"><\/span>\n                    \n\t\t\t\t\t\t<div class=\"eael-feature-list-icon-box\">\n\t\t\t\t\t\t\t<div class=\"eael-feature-list-icon-inner\">\n\n\t\t\t\t\t\t\t\t<a class=\"eael-feature-list-icon fl-icon-1\"href=\"https:\/\/institutoinrede.com.br\/wp-content\/uploads\/2024\/08\/EXTRATO_MOSTRA_CINEMA_NEGRO-1.pdf\" target=\"_blank\">\n\n\t\t<i aria-hidden=\"true\" class=\"fas fa-file-alt\"><\/i>\t\t\t\t\t\t\t\t<\/a>\n\t\t\t\t\t\t\t<\/div>\n\t\t\t\t\t\t<\/div>\n\t\t\t\t\t\t<div class=\"eael-feature-list-content-box\">\n\t\t\t\t\t\t\t<h5 class=\"eael-feature-list-title\"\t\t\t\t\t\t\t><a href=\"https:\/\/institutoinrede.com.br\/wp-content\/uploads\/2024\/08\/EXTRATO_MOSTRA_CINEMA_NEGRO-1.pdf\" target=\"_blank\">Projeto 7\u00aa Mostra de Cinema Negro Quariter\u00ea<\/a><\/h5\t\t\t\t\t\t>\n\t\t\t\t\t\t<p class=\"eael-feature-list-content\">Extrato do Termo de Fomento do Projeto 7\u00aa Mostra de Cinema Negro Quariter\u00ea<\/p>\n\t\t\t\t\t\t<\/div>\n\n\t\t\t\t\t<\/li>\n\t\t\t\t                <li class=\"eael-feature-list-item elementor-repeater-item-e59f226\">\n                                            <span class=\"connector\" style=\"right: calc(100% - 51px); left: 0;\"><\/span>\n                        <span class=\"connector connector-tablet\" style=\"right: calc(100% - 51px); left: 0;\"><\/span>\n                        <span class=\"connector connector-mobile\" style=\"right: calc(100% - 51px); left: 0;\"><\/span>\n                    \n\t\t\t\t\t\t<div class=\"eael-feature-list-icon-box\">\n\t\t\t\t\t\t\t<div class=\"eael-feature-list-icon-inner\">\n\n\t\t\t\t\t\t\t\t<a class=\"eael-feature-list-icon fl-icon-2\"href=\"https:\/\/institutoinrede.com.br\/wp-content\/uploads\/2024\/08\/EXTRATO_FESTIVAL_CIDADE_SUSTENTAVEL-1.pdf\" target=\"_blank\">\n\n\t\t<i aria-hidden=\"true\" class=\"fas fa-file-alt\"><\/i>\t\t\t\t\t\t\t\t<\/a>\n\t\t\t\t\t\t\t<\/div>\n\t\t\t\t\t\t<\/div>\n\t\t\t\t\t\t<div class=\"eael-feature-list-content-box\">\n\t\t\t\t\t\t\t<h5 class=\"eael-feature-list-title\"\t\t\t\t\t\t\t><a href=\"https:\/\/institutoinrede.com.br\/wp-content\/uploads\/2024\/08\/EXTRATO_FESTIVAL_CIDADE_SUSTENTAVEL-1.pdf\" target=\"_blank\">Projeto Festival Cidade Sustent\u00e1vel \u2013 A Cultura e a cidade como direito<\/a><\/h5\t\t\t\t\t\t>\n\t\t\t\t\t\t<p class=\"eael-feature-list-content\">Extrato do Termo de Fomento do Projeto Festival Cidade Sustent\u00e1vel \u2013 A Cultura e a cidade como direito\n\n<\/p>\n\t\t\t\t\t\t<\/div>\n\n\t\t\t\t\t<\/li>\n\t\t\t\t\t\t\t<\/ul>\n\t\t<\/div>\n\t\t\t\t<\/div>\n\t\t\t\t<\/div>\n\t\t\t\t<div class=\"elementor-element elementor-element-94acc64 elementor-widget elementor-widget-heading\" data-id=\"94acc64\" data-element_type=\"widget\" data-widget_type=\"heading.default\">\n\t\t\t\t<div class=\"elementor-widget-container\">\n\t\t\t<h2 class=\"elementor-heading-title elementor-size-default\">EXECU\u00c7\u00c3O 2023<\/h2>\t\t<\/div>\n\t\t\t\t<\/div>\n\t\t\t\t<div class=\"elementor-element elementor-element-ee37b38 elementor-widget elementor-widget-eael-feature-list\" data-id=\"ee37b38\" data-element_type=\"widget\" data-widget_type=\"eael-feature-list.default\">\n\t\t\t\t<div class=\"elementor-widget-container\">\n\t\t\t\t\t<div class=\"-icon-position-left -tablet-icon-position-left -mobile-icon-position-left\">\n\t\t\t<ul id=\"eael-feature-list-ee37b38\" class=\"eael-feature-list-items square stacked connector-type-modern\">\n\t\t\t                <li class=\"eael-feature-list-item elementor-repeater-item-a308a1f\">\n                                            <span class=\"connector\" style=\"right: calc(100% - 51px); left: 0;\"><\/span>\n                        <span class=\"connector connector-tablet\" style=\"right: calc(100% - 51px); left: 0;\"><\/span>\n                        <span class=\"connector connector-mobile\" style=\"right: calc(100% - 51px); left: 0;\"><\/span>\n                    \n\t\t\t\t\t\t<div class=\"eael-feature-list-icon-box\">\n\t\t\t\t\t\t\t<div class=\"eael-feature-list-icon-inner\">\n\n\t\t\t\t\t\t\t\t<a class=\"eael-feature-list-icon fl-icon-0\"href=\"https:\/\/institutoinrede.com.br\/wp-content\/uploads\/Transparencia\/EXTRATO_TERMO_FOMENTO_COLOIADO_NUCLEO_JOVEM_PRODUCAO_CULTURAL.pdf\" target=\"_blank\">\n\n\t\t<i aria-hidden=\"true\" class=\"fas fa-file-alt\"><\/i>\t\t\t\t\t\t\t\t<\/a>\n\t\t\t\t\t\t\t<\/div>\n\t\t\t\t\t\t<\/div>\n\t\t\t\t\t\t<div class=\"eael-feature-list-content-box\">\n\t\t\t\t\t\t\t<h5 class=\"eael-feature-list-title\"\t\t\t\t\t\t\t><a href=\"https:\/\/institutoinrede.com.br\/wp-content\/uploads\/Transparencia\/EXTRATO_TERMO_FOMENTO_COLOIADO_NUCLEO_JOVEM_PRODUCAO_CULTURAL.pdf\" target=\"_blank\">Projeto Coloiado \u2013 N\u00facleo Jovem de Produ\u00e7\u00e3o Cultural 2023.<\/a><\/h5\t\t\t\t\t\t>\n\t\t\t\t\t\t<p class=\"eael-feature-list-content\">Extrato do Termo de Fomento do Projeto Coloiado \u2013 N\u00facleo Jovem de Produ\u00e7\u00e3o Cultural 2023.\n\n<\/p>\n\t\t\t\t\t\t<\/div>\n\n\t\t\t\t\t<\/li>\n\t\t\t\t                <li class=\"eael-feature-list-item elementor-repeater-item-7c18fb6\">\n                                            <span class=\"connector\" style=\"right: calc(100% - 51px); left: 0;\"><\/span>\n                        <span class=\"connector connector-tablet\" style=\"right: calc(100% - 51px); left: 0;\"><\/span>\n                        <span class=\"connector connector-mobile\" style=\"right: calc(100% - 51px); left: 0;\"><\/span>\n                    \n\t\t\t\t\t\t<div class=\"eael-feature-list-icon-box\">\n\t\t\t\t\t\t\t<div class=\"eael-feature-list-icon-inner\">\n\n\t\t\t\t\t\t\t\t<a class=\"eael-feature-list-icon fl-icon-1\"href=\"https:\/\/institutoinrede.com.br\/wp-content\/uploads\/Transparencia\/EXTRATO_TERMO_FOMENTO_DIAGNOSTICO_SAO_PEDRO_JOSELANDIA.pdf\" target=\"_blank\">\n\n\t\t<i aria-hidden=\"true\" class=\"fas fa-file-alt\"><\/i>\t\t\t\t\t\t\t\t<\/a>\n\t\t\t\t\t\t\t<\/div>\n\t\t\t\t\t\t<\/div>\n\t\t\t\t\t\t<div class=\"eael-feature-list-content-box\">\n\t\t\t\t\t\t\t<h5 class=\"eael-feature-list-title\"\t\t\t\t\t\t\t><a href=\"https:\/\/institutoinrede.com.br\/wp-content\/uploads\/Transparencia\/EXTRATO_TERMO_FOMENTO_DIAGNOSTICO_SAO_PEDRO_JOSELANDIA.pdf\" target=\"_blank\">Projeto Diagn\u00f3stico S\u00e3o Pedro de Josel\u00e2ndia<\/a><\/h5\t\t\t\t\t\t>\n\t\t\t\t\t\t<p class=\"eael-feature-list-content\">Extrato do Termo de Fomento do Projeto Diagn\u00f3stico S\u00e3o Pedro de Josel\u00e2ndia\n<\/p>\n\t\t\t\t\t\t<\/div>\n\n\t\t\t\t\t<\/li>\n\t\t\t\t\t\t\t<\/ul>\n\t\t<\/div>\n\t\t\t\t<\/div>\n\t\t\t\t<\/div>\n\t\t\t\t\t<\/div>\n\t\t<\/div>\n\t\t\t\t\t\t\t<\/div>\n\t\t<\/section>\n\t\t\t\t<section data-particle_enable=\"false\" data-particle-mobile-disabled=\"false\" class=\"elementor-section elementor-top-section elementor-element elementor-element-f03f4b6 elementor-section-boxed elementor-section-height-default elementor-section-height-default\" data-id=\"f03f4b6\" data-element_type=\"section\">\n\t\t\t\t\t\t<div class=\"elementor-container elementor-column-gap-default\">\n\t\t\t\t\t<div class=\"elementor-column elementor-col-100 elementor-top-column elementor-element elementor-element-3cba051\" data-id=\"3cba051\" data-element_type=\"column\">\n\t\t\t<div class=\"elementor-widget-wrap\">\n\t\t\t\t\t\t\t\t\t<\/div>\n\t\t<\/div>\n\t\t\t\t\t\t\t<\/div>\n\t\t<\/section>\n\t\t\t\t\t\t\t<\/div>\n\t\t","protected":false},"excerpt":{"rendered":"<p>EXECU\u00c7\u00c3O 2025 Projeto Por do Sol para todas 2024 Extrato do Termo de Fomento do Projeto Por do Sol para todas 2024 Projeto Descentraliza Cultura 2025 Extrato do Termo de Fomento do Projeto Descentraliza Cultura 2025 EXECU\u00c7\u00c3O 2024 Projeto Coloiado \u2013 Nucleo Jovem de Produ\u00e7\u00e3o Cultural 2024 Extrato do Termo de Fomento do Projeto Coloiado &hellip;<\/p>\n<p class=\"read-more\"> <a class=\"\" href=\"https:\/\/institutoinrede.com.br\/index.php\/extratos\/\"> <span class=\"screen-reader-text\">Extratos<\/span> Leia mais &raquo;<\/a><\/p>\n","protected":false},"author":3,"featured_media":220,"parent":0,"menu_order":0,"comment_status":"closed","ping_status":"closed","template":"","meta":{"om_disable_all_campaigns":false,"_monsterinsights_skip_tracking":false,"_monsterinsights_sitenote_active":false,"_monsterinsights_sitenote_note":"","_monsterinsights_sitenote_category":0,"site-sidebar-layout":"no-sidebar","site-content-layout":"page-builder","ast-global-header-display":"","ast-main-header-display":"","ast-hfb-above-header-display":"","ast-hfb-below-header-display":"","ast-hfb-mobile-header-display":"","site-post-title":"disabled","ast-breadcrumbs-content":"","ast-featured-img":"disabled","footer-sml-layout":"","theme-transparent-header-meta":"","adv-header-id-meta":"","stick-header-meta":"","header-above-stick-meta":"","header-main-stick-meta":"","header-below-stick-meta":""},"aioseo_notices":[],"_links":{"self":[{"href":"https:\/\/institutoinrede.com.br\/index.php\/wp-json\/wp\/v2\/pages\/1177"}],"collection":[{"href":"https:\/\/institutoinrede.com.br\/index.php\/wp-json\/wp\/v2\/pages"}],"about":[{"href":"https:\/\/institutoinrede.com.br\/index.php\/wp-json\/wp\/v2\/types\/page"}],"author":[{"embeddable":true,"href":"https:\/\/institutoinrede.com.br\/index.php\/wp-json\/wp\/v2\/users\/3"}],"replies":[{"embeddable":true,"href":"https:\/\/institutoinrede.com.br\/index.php\/wp-json\/wp\/v2\/comments?post=1177"}],"version-history":[{"count":29,"href":"https:\/\/institutoinrede.com.br\/index.php\/wp-json\/wp\/v2\/pages\/1177\/revisions"}],"predecessor-version":[{"id":1494,"href":"https:\/\/institutoinrede.com.br\/index.php\/wp-json\/wp\/v2\/pages\/1177\/revisions\/1494"}],"wp:featuredmedia":[{"embeddable":true,"href":"https:\/\/institutoinrede.com.br\/index.php\/wp-json\/wp\/v2\/media\/220"}],"wp:attachment":[{"href":"https:\/\/institutoinrede.com.br\/index.php\/wp-json\/wp\/v2\/media?parent=1177"}],"curies":[{"name":"wp","href":"https:\/\/api.w.org\/{rel}","templated":true}]}}